{"id":276,"date":"2026-05-09T17:55:04","date_gmt":"2026-05-09T17:55:04","guid":{"rendered":"https:\/\/tovaolsson.archi\/?page_id=276"},"modified":"2026-05-09T18:11:29","modified_gmt":"2026-05-09T18:11:29","slug":"om-mig","status":"publish","type":"page","link":"https:\/\/tovaolsson.archi\/?page_id=276","title":{"rendered":"Om mig"},"content":{"rendered":"\n<div class=\"wp-block-columns is-layout-flex wp-container-core-columns-is-layout-28f84493 wp-block-columns-is-layout-flex\">\n<div class=\"wp-block-column is-layout-flow wp-block-column-is-layout-flow\" style=\"flex-basis:50%\">\n<figure class=\"wp-block-image size-large has-custom-border\"><img loading=\"lazy\" decoding=\"async\" width=\"1200\" height=\"1200\" src=\"https:\/\/tovaolsson.archi\/wp-content\/uploads\/2026\/05\/tovs-edited.jpg\" alt=\"\" class=\"wp-image-285\" style=\"border-top-left-radius:0px;border-top-right-radius:0px;border-bottom-left-radius:0px;border-bottom-right-radius:0px\" srcset=\"https:\/\/tovaolsson.archi\/wp-content\/uploads\/2026\/05\/tovs-edited.jpg 1200w, https:\/\/tovaolsson.archi\/wp-content\/uploads\/2026\/05\/tovs-edited-300x300.jpg 300w, https:\/\/tovaolsson.archi\/wp-content\/uploads\/2026\/05\/tovs-edited-1024x1024.jpg 1024w, https:\/\/tovaolsson.archi\/wp-content\/uploads\/2026\/05\/tovs-edited-150x150.jpg 150w, https:\/\/tovaolsson.archi\/wp-content\/uploads\/2026\/05\/tovs-edited-768x768.jpg 768w\" sizes=\"auto, (max-width: 1200px) 100vw, 1200px\" \/><\/figure>\n<\/div>\n\n\n\n<div class=\"wp-block-column is-layout-flow wp-block-column-is-layout-flow\" style=\"flex-basis:50%\">\n<div class=\"wp-block-group has-global-padding is-layout-constrained wp-block-group-is-layout-constrained\">\n<p class=\"has-small-font-size\" style=\"margin-top:0\">Hej! Mitt namn \u00e4r Tova och jag studerar mitt fj\u00e4rde \u00e5r p\u00e5 landskapsarkitektprogrammet vid SLU Ultuna. Jag \u00e4r uppvuxen i Halmstad och har alltid haft ett starkt intresse f\u00f6r natur, vegetation och kreativa processer. I mitt arbete tycker jag om att utforska id\u00e9er genom skiss och gestaltning, och jag drivs av att hitta nya l\u00f6sningar och perspektiv i designprocessen.<\/p>\n<\/div>\n<\/div>\n<\/div>\n\n\n\n<p class=\"has-small-font-size\">I mina projekt \u00e5terkommer ofta teman som lek, m\u00e5ngfunktionalitet, social h\u00e5llbarhet och klimatanpassning. Jag tycker s\u00e4rskilt om utforskande arbetsprocesser d\u00e4r analys, skiss och gestaltning f\u00e5r utvecklas parallellt, och d\u00e4r platsens identitet v\u00e4xer fram genom b\u00e5de konceptuellt och praktiskt arbete.<\/p>\n\n\n\n<p class=\"has-small-font-size\">Du kan h\u00f6ra av dig till mig p\u00e5 LinkedIn <a href=\"https:\/\/www.linkedin.com\/in\/tova-olsson-740717183\/\" data-type=\"link\" data-id=\"https:\/\/www.linkedin.com\/in\/tova-olsson-740717183\/\"><strong>h\u00e4r<\/strong><\/a>, eller via mail <a href=\"mailto:tova.olsson0@gmail.com\" data-type=\"mailto\" data-id=\"mailto:tova.olsson0@gmail.com\"><strong>h\u00e4r<\/strong><\/a>. <\/p>\n","protected":false},"excerpt":{"rendered":"<p>Hej! Mitt namn \u00e4r Tova och jag studerar mitt fj\u00e4rde \u00e5r p\u00e5 landskapsarkitektprogrammet vid SLU Ultuna. Jag \u00e4r uppvuxen i Halmstad och har alltid haft ett starkt intresse f\u00f6r natur, vegetation och kreativa processer. I mitt arbete tycker jag om att utforska id\u00e9er genom skiss och gestaltning, och jag drivs av att hitta nya l\u00f6sningar [&hellip;]<\/p>\n","protected":false},"author":1,"featured_media":0,"parent":0,"menu_order":0,"comment_status":"closed","ping_status":"closed","template":"","meta":{"footnotes":""},"class_list":["post-276","page","type-page","status-publish","hentry"],"_links":{"self":[{"href":"https:\/\/tovaolsson.archi\/index.php?rest_route=\/wp\/v2\/pages\/276","targetHints":{"allow":["GET"]}}],"collection":[{"href":"https:\/\/tovaolsson.archi\/index.php?rest_route=\/wp\/v2\/pages"}],"about":[{"href":"https:\/\/tovaolsson.archi\/index.php?rest_route=\/wp\/v2\/types\/page"}],"author":[{"embeddable":true,"href":"https:\/\/tovaolsson.archi\/index.php?rest_route=\/wp\/v2\/users\/1"}],"replies":[{"embeddable":true,"href":"https:\/\/tovaolsson.archi\/index.php?rest_route=%2Fwp%2Fv2%2Fcomments&post=276"}],"version-history":[{"count":5,"href":"https:\/\/tovaolsson.archi\/index.php?rest_route=\/wp\/v2\/pages\/276\/revisions"}],"predecessor-version":[{"id":288,"href":"https:\/\/tovaolsson.archi\/index.php?rest_route=\/wp\/v2\/pages\/276\/revisions\/288"}],"wp:attachment":[{"href":"https:\/\/tovaolsson.archi\/index.php?rest_route=%2Fwp%2Fv2%2Fmedia&parent=276"}],"curies":[{"name":"wp","href":"https:\/\/api.w.org\/{rel}","templated":true}]}}